{"id":5859,"date":"2022-09-11T21:37:40","date_gmt":"2022-09-11T19:37:40","guid":{"rendered":"https:\/\/insahaertel.de\/?page_id=5859"},"modified":"2026-04-27T19:53:56","modified_gmt":"2026-04-27T17:53:56","slug":"publikationen","status":"publish","type":"page","link":"https:\/\/insahaertel.de\/index.php\/publikationen\/","title":{"rendered":"Publikationen"},"content":{"rendered":"\n<p class=\"has-text-align-center has-white-color has-text-color\" style=\"font-size:10px\">Hier findet man also eine Aufstellung von Ver\u00f6ffentlichungen: Publikationen Insa Haertel<\/p>\n\n\n<iframe class=\"embed-pdf-viewer lazyload\" data-src=\"https:\/\/insahaertel.de\/wp-content\/uploads\/2026\/04\/Publikationen-Haertel.pdf\" height=\"1500\" width=\"800\" title=\"Insa Hartel: Publikationen\" src=\"data:image\/svg+xml;base64,PHN2ZyB3aWR0aD0iMSIgaGVpZ2h0PSIxIiB4bWxucz0iaHR0cDovL3d3dy53My5vcmcvMjAwMC9zdmciPjwvc3ZnPg==\" data-load-mode=\"1\"><\/iframe>\n\n\n<hr class=\"wp-block-separator has-text-color has-alpha-channel-opacity has-background is-style-dots\" style=\"background-color:#a7091e;color:#a7091e\"\/>\n\n\n\n<div class=\"wp-block-cover is-light\" style=\"min-height:50px;aspect-ratio:unset;\"><img decoding=\"async\" width=\"548\" height=\"256\" class=\"wp-block-cover__image-background wp-image-4544 lazyload\" alt=\"Link Publikationen Insa Haerel\" data-src=\"https:\/\/insahaertel.de\/wp-content\/uploads\/2022\/08\/Unbenannt-2.jpg\" data-object-fit=\"cover\" data-srcset=\"https:\/\/insahaertel.de\/wp-content\/uploads\/2022\/08\/Unbenannt-2.jpg 548w, https:\/\/insahaertel.de\/wp-content\/uploads\/2022\/08\/Unbenannt-2-300x140.jpg 300w\" data-sizes=\"(max-width: 548px) 100vw, 548px\" src=\"data:image\/svg+xml;base64,PHN2ZyB3aWR0aD0iMSIgaGVpZ2h0PSIxIiB4bWxucz0iaHR0cDovL3d3dy53My5vcmcvMjAwMC9zdmciPjwvc3ZnPg==\" style=\"--smush-placeholder-width: 548px; --smush-placeholder-aspect-ratio: 548\/256;\" \/><span aria-hidden=\"true\" class=\"wp-block-cover__background has-background-dim-0 has-background-dim\"><\/span><div class=\"wp-block-cover__inner-container is-layout-flow wp-block-cover-is-layout-flow\">\n<p class=\"has-white-color has-text-color\" style=\"font-size:1px\">Die war also eine Aufstellung der Publikationen von Insa Haertel.<\/p>\n<\/div><\/div>\n\n\n\n<h6 class=\"wp-block-heading has-text-color\" style=\"color:#b5182d\"><a href=\"https:\/\/insahaertel.de\/\">Startseite<\/a><\/h6>\n","protected":false},"excerpt":{"rendered":"<p>Hier findet man also eine Aufstellung von Ver\u00f6ffentlichungen: Publikationen Insa Haertel Startseite<\/p>\n","protected":false},"author":1,"featured_media":0,"parent":0,"menu_order":0,"comment_status":"closed","ping_status":"closed","template":"fullwidth-page.php","meta":{"footnotes":""},"tags":[],"class_list":["post-5859","page","type-page","status-publish","hentry"],"yoast_head":"<!-- This site is optimized with the Yoast SEO plugin v27.4 - https:\/\/yoast.com\/product\/yoast-seo-wordpress\/ -->\n<title>Publikationen &#8211; Insa H\u00e4rtel<\/title>\n<meta name=\"description\" content=\"Publikationen v. Prof. Dr. Insa H\u00e4rtel, Kulturwissenschaft, Kulturtheorie, Psychoanalyse, Sexualit\u00e4ts- und Geschlechterforschung...\" \/>\n<meta name=\"robots\" content=\"index, follow, max-snippet:-1, max-image-preview:large, max-video-preview:-1\" \/>\n<link rel=\"canonical\" href=\"https:\/\/insahaertel.de\/index.php\/publikationen\/\" \/>\n<meta property=\"og:locale\" content=\"de_DE\" \/>\n<meta property=\"og:type\" content=\"article\" \/>\n<meta property=\"og:title\" content=\"Publikationen &#8211; Insa H\u00e4rtel\" \/>\n<meta property=\"og:description\" content=\"Publikationen v. Prof. Dr. Insa H\u00e4rtel, Kulturwissenschaft, Kulturtheorie, Psychoanalyse, Sexualit\u00e4ts- und Geschlechterforschung...\" \/>\n<meta property=\"og:url\" content=\"https:\/\/insahaertel.de\/index.php\/publikationen\/\" \/>\n<meta property=\"og:site_name\" content=\"Insa H\u00e4rtel\" \/>\n<meta property=\"article:modified_time\" content=\"2026-04-27T17:53:56+00:00\" \/>\n<meta property=\"og:image\" content=\"https:\/\/insahaertel.de\/wp-content\/uploads\/2022\/08\/Unbenannt-2.jpg\" \/>\n\t<meta property=\"og:image:width\" content=\"548\" \/>\n\t<meta property=\"og:image:height\" content=\"256\" \/>\n\t<meta property=\"og:image:type\" content=\"image\/jpeg\" \/>\n<meta name=\"twitter:card\" content=\"summary_large_image\" \/>\n<meta name=\"twitter:label1\" content=\"Gesch\u00e4tzte Lesezeit\" \/>\n\t<meta name=\"twitter:data1\" content=\"1\u00a0Minute\" \/>\n<script type=\"application\/ld+json\" class=\"yoast-schema-graph\">{\"@context\":\"https:\\\/\\\/schema.org\",\"@graph\":[{\"@type\":\"WebPage\",\"@id\":\"https:\\\/\\\/insahaertel.de\\\/index.php\\\/publikationen\\\/\",\"url\":\"https:\\\/\\\/insahaertel.de\\\/index.php\\\/publikationen\\\/\",\"name\":\"Publikationen &#8211; Insa H\u00e4rtel\",\"isPartOf\":{\"@id\":\"https:\\\/\\\/insahaertel.de\\\/#website\"},\"primaryImageOfPage\":{\"@id\":\"https:\\\/\\\/insahaertel.de\\\/index.php\\\/publikationen\\\/#primaryimage\"},\"image\":{\"@id\":\"https:\\\/\\\/insahaertel.de\\\/index.php\\\/publikationen\\\/#primaryimage\"},\"thumbnailUrl\":\"https:\\\/\\\/insahaertel.de\\\/wp-content\\\/uploads\\\/2022\\\/08\\\/Unbenannt-2.jpg\",\"datePublished\":\"2022-09-11T19:37:40+00:00\",\"dateModified\":\"2026-04-27T17:53:56+00:00\",\"description\":\"Publikationen v. Prof. Dr. Insa H\u00e4rtel, Kulturwissenschaft, Kulturtheorie, Psychoanalyse, Sexualit\u00e4ts- und Geschlechterforschung...\",\"breadcrumb\":{\"@id\":\"https:\\\/\\\/insahaertel.de\\\/index.php\\\/publikationen\\\/#breadcrumb\"},\"inLanguage\":\"de\",\"potentialAction\":[{\"@type\":\"ReadAction\",\"target\":[\"https:\\\/\\\/insahaertel.de\\\/index.php\\\/publikationen\\\/\"]}]},{\"@type\":\"ImageObject\",\"inLanguage\":\"de\",\"@id\":\"https:\\\/\\\/insahaertel.de\\\/index.php\\\/publikationen\\\/#primaryimage\",\"url\":\"https:\\\/\\\/insahaertel.de\\\/wp-content\\\/uploads\\\/2022\\\/08\\\/Unbenannt-2.jpg\",\"contentUrl\":\"https:\\\/\\\/insahaertel.de\\\/wp-content\\\/uploads\\\/2022\\\/08\\\/Unbenannt-2.jpg\",\"width\":548,\"height\":256},{\"@type\":\"BreadcrumbList\",\"@id\":\"https:\\\/\\\/insahaertel.de\\\/index.php\\\/publikationen\\\/#breadcrumb\",\"itemListElement\":[{\"@type\":\"ListItem\",\"position\":1,\"name\":\"Startseite\",\"item\":\"https:\\\/\\\/insahaertel.de\\\/\"},{\"@type\":\"ListItem\",\"position\":2,\"name\":\"Publikationen\"}]},{\"@type\":\"WebSite\",\"@id\":\"https:\\\/\\\/insahaertel.de\\\/#website\",\"url\":\"https:\\\/\\\/insahaertel.de\\\/\",\"name\":\"Insa H\u00e4rtel\",\"description\":\"Kulturwissenschaft, Kinder- und Jugendlichenpsychotherapie\",\"publisher\":{\"@id\":\"https:\\\/\\\/insahaertel.de\\\/#\\\/schema\\\/person\\\/487f7a0df0cef941b2257eba433a46bd\"},\"potentialAction\":[{\"@type\":\"SearchAction\",\"target\":{\"@type\":\"EntryPoint\",\"urlTemplate\":\"https:\\\/\\\/insahaertel.de\\\/?s={search_term_string}\"},\"query-input\":{\"@type\":\"PropertyValueSpecification\",\"valueRequired\":true,\"valueName\":\"search_term_string\"}}],\"inLanguage\":\"de\"},{\"@type\":[\"Person\",\"Organization\"],\"@id\":\"https:\\\/\\\/insahaertel.de\\\/#\\\/schema\\\/person\\\/487f7a0df0cef941b2257eba433a46bd\",\"name\":\"Insa H\u00e4rtel\",\"image\":{\"@type\":\"ImageObject\",\"inLanguage\":\"de\",\"@id\":\"https:\\\/\\\/insahaertel.de\\\/wp-content\\\/uploads\\\/2022\\\/09\\\/tab-icon-insa-haertel.jpg\",\"url\":\"https:\\\/\\\/insahaertel.de\\\/wp-content\\\/uploads\\\/2022\\\/09\\\/tab-icon-insa-haertel.jpg\",\"contentUrl\":\"https:\\\/\\\/insahaertel.de\\\/wp-content\\\/uploads\\\/2022\\\/09\\\/tab-icon-insa-haertel.jpg\",\"width\":512,\"height\":512,\"caption\":\"Insa H\u00e4rtel\"},\"logo\":{\"@id\":\"https:\\\/\\\/insahaertel.de\\\/wp-content\\\/uploads\\\/2022\\\/09\\\/tab-icon-insa-haertel.jpg\"},\"sameAs\":[\"https:\\\/\\\/insahaertel.de\"]}]}<\/script>\n<!-- \/ Yoast SEO plugin. -->","yoast_head_json":{"title":"Publikationen &#8211; Insa H\u00e4rtel","description":"Publikationen v. Prof. Dr. Insa H\u00e4rtel, Kulturwissenschaft, Kulturtheorie, Psychoanalyse, Sexualit\u00e4ts- und Geschlechterforschung...","robots":{"index":"index","follow":"follow","max-snippet":"max-snippet:-1","max-image-preview":"max-image-preview:large","max-video-preview":"max-video-preview:-1"},"canonical":"https:\/\/insahaertel.de\/index.php\/publikationen\/","og_locale":"de_DE","og_type":"article","og_title":"Publikationen &#8211; Insa H\u00e4rtel","og_description":"Publikationen v. Prof. Dr. Insa H\u00e4rtel, Kulturwissenschaft, Kulturtheorie, Psychoanalyse, Sexualit\u00e4ts- und Geschlechterforschung...","og_url":"https:\/\/insahaertel.de\/index.php\/publikationen\/","og_site_name":"Insa H\u00e4rtel","article_modified_time":"2026-04-27T17:53:56+00:00","og_image":[{"width":548,"height":256,"url":"https:\/\/insahaertel.de\/wp-content\/uploads\/2022\/08\/Unbenannt-2.jpg","type":"image\/jpeg"}],"twitter_card":"summary_large_image","twitter_misc":{"Gesch\u00e4tzte Lesezeit":"1\u00a0Minute"},"schema":{"@context":"https:\/\/schema.org","@graph":[{"@type":"WebPage","@id":"https:\/\/insahaertel.de\/index.php\/publikationen\/","url":"https:\/\/insahaertel.de\/index.php\/publikationen\/","name":"Publikationen &#8211; Insa H\u00e4rtel","isPartOf":{"@id":"https:\/\/insahaertel.de\/#website"},"primaryImageOfPage":{"@id":"https:\/\/insahaertel.de\/index.php\/publikationen\/#primaryimage"},"image":{"@id":"https:\/\/insahaertel.de\/index.php\/publikationen\/#primaryimage"},"thumbnailUrl":"https:\/\/insahaertel.de\/wp-content\/uploads\/2022\/08\/Unbenannt-2.jpg","datePublished":"2022-09-11T19:37:40+00:00","dateModified":"2026-04-27T17:53:56+00:00","description":"Publikationen v. Prof. Dr. Insa H\u00e4rtel, Kulturwissenschaft, Kulturtheorie, Psychoanalyse, Sexualit\u00e4ts- und Geschlechterforschung...","breadcrumb":{"@id":"https:\/\/insahaertel.de\/index.php\/publikationen\/#breadcrumb"},"inLanguage":"de","potentialAction":[{"@type":"ReadAction","target":["https:\/\/insahaertel.de\/index.php\/publikationen\/"]}]},{"@type":"ImageObject","inLanguage":"de","@id":"https:\/\/insahaertel.de\/index.php\/publikationen\/#primaryimage","url":"https:\/\/insahaertel.de\/wp-content\/uploads\/2022\/08\/Unbenannt-2.jpg","contentUrl":"https:\/\/insahaertel.de\/wp-content\/uploads\/2022\/08\/Unbenannt-2.jpg","width":548,"height":256},{"@type":"BreadcrumbList","@id":"https:\/\/insahaertel.de\/index.php\/publikationen\/#breadcrumb","itemListElement":[{"@type":"ListItem","position":1,"name":"Startseite","item":"https:\/\/insahaertel.de\/"},{"@type":"ListItem","position":2,"name":"Publikationen"}]},{"@type":"WebSite","@id":"https:\/\/insahaertel.de\/#website","url":"https:\/\/insahaertel.de\/","name":"Insa H\u00e4rtel","description":"Kulturwissenschaft, Kinder- und Jugendlichenpsychotherapie","publisher":{"@id":"https:\/\/insahaertel.de\/#\/schema\/person\/487f7a0df0cef941b2257eba433a46bd"},"potentialAction":[{"@type":"SearchAction","target":{"@type":"EntryPoint","urlTemplate":"https:\/\/insahaertel.de\/?s={search_term_string}"},"query-input":{"@type":"PropertyValueSpecification","valueRequired":true,"valueName":"search_term_string"}}],"inLanguage":"de"},{"@type":["Person","Organization"],"@id":"https:\/\/insahaertel.de\/#\/schema\/person\/487f7a0df0cef941b2257eba433a46bd","name":"Insa H\u00e4rtel","image":{"@type":"ImageObject","inLanguage":"de","@id":"https:\/\/insahaertel.de\/wp-content\/uploads\/2022\/09\/tab-icon-insa-haertel.jpg","url":"https:\/\/insahaertel.de\/wp-content\/uploads\/2022\/09\/tab-icon-insa-haertel.jpg","contentUrl":"https:\/\/insahaertel.de\/wp-content\/uploads\/2022\/09\/tab-icon-insa-haertel.jpg","width":512,"height":512,"caption":"Insa H\u00e4rtel"},"logo":{"@id":"https:\/\/insahaertel.de\/wp-content\/uploads\/2022\/09\/tab-icon-insa-haertel.jpg"},"sameAs":["https:\/\/insahaertel.de"]}]}},"jetpack_sharing_enabled":true,"_links":{"self":[{"href":"https:\/\/insahaertel.de\/index.php\/wp-json\/wp\/v2\/pages\/5859","targetHints":{"allow":["GET"]}}],"collection":[{"href":"https:\/\/insahaertel.de\/index.php\/wp-json\/wp\/v2\/pages"}],"about":[{"href":"https:\/\/insahaertel.de\/index.php\/wp-json\/wp\/v2\/types\/page"}],"author":[{"embeddable":true,"href":"https:\/\/insahaertel.de\/index.php\/wp-json\/wp\/v2\/users\/1"}],"replies":[{"embeddable":true,"href":"https:\/\/insahaertel.de\/index.php\/wp-json\/wp\/v2\/comments?post=5859"}],"version-history":[{"count":105,"href":"https:\/\/insahaertel.de\/index.php\/wp-json\/wp\/v2\/pages\/5859\/revisions"}],"predecessor-version":[{"id":8474,"href":"https:\/\/insahaertel.de\/index.php\/wp-json\/wp\/v2\/pages\/5859\/revisions\/8474"}],"wp:attachment":[{"href":"https:\/\/insahaertel.de\/index.php\/wp-json\/wp\/v2\/media?parent=5859"}],"wp:term":[{"taxonomy":"post_tag","embeddable":true,"href":"https:\/\/insahaertel.de\/index.php\/wp-json\/wp\/v2\/tags?post=5859"}],"curies":[{"name":"wp","href":"https:\/\/api.w.org\/{rel}","templated":true}]}}