{"id":7642,"date":"2023-07-22T14:18:53","date_gmt":"2023-07-22T12:18:53","guid":{"rendered":"https:\/\/insahaertel.de\/?page_id=7642"},"modified":"2025-04-01T07:02:09","modified_gmt":"2025-04-01T05:02:09","slug":"praxis-hamburg-und-norderstedt","status":"publish","type":"page","link":"https:\/\/insahaertel.de\/index.php\/praxis-hamburg-und-norderstedt\/","title":{"rendered":"Praxis"},"content":{"rendered":"\n<div class=\"wp-block-cover is-light\" style=\"min-height:100px;aspect-ratio:unset;\"><span aria-hidden=\"true\" class=\"wp-block-cover__background has-white-background-color has-background-dim-0 has-background-dim\"><\/span><img decoding=\"async\" class=\"wp-block-cover__image-background wp-image-2884 lazyload\" alt=\"Cover Praxis Insa H\u00e4rtel\" data-src=\"https:\/\/test636937616.files.wordpress.com\/2022\/06\/moeglichkannseinrissneu.jpg\" style=\"object-position:8% 93%\" data-object-fit=\"cover\" data-object-position=\"8% 93%\" src=\"data:image\/svg+xml;base64,PHN2ZyB3aWR0aD0iMSIgaGVpZ2h0PSIxIiB4bWxucz0iaHR0cDovL3d3dy53My5vcmcvMjAwMC9zdmciPjwvc3ZnPg==\" \/><div class=\"wp-block-cover__inner-container is-layout-flow wp-block-cover-is-layout-flow\">\n<h2 class=\"wp-block-heading has-text-align-left speziell-H2 has-text-color\" style=\"color:#fef1f1;font-size:35px;font-style:normal;font-weight:500;letter-spacing:3px\">PRAXIS<\/h2>\n<\/div><\/div>\n\n\n\n<div class=\"wp-block-columns is-layout-flex wp-container-core-columns-is-layout-9d6595d7 wp-block-columns-is-layout-flex\">\n<div class=\"wp-block-column is-layout-flow wp-block-column-is-layout-flow\">\n<p class=\"has-text-color\" style=\"color:#a7091e;font-size:28px;font-style:italic;margin-top:62px;letter-spacing:0.15em;line-height: 1.5;font-weight:500\"><em>WENN KINDER UND JUGENDLICHE SCHWIERIGKEITEN HABEN&#8230;<\/em><\/p>\n<\/div>\n<\/div>\n\n\n\n<div class=\"wp-block-columns is-layout-flex wp-container-core-columns-is-layout-9d6595d7 wp-block-columns-is-layout-flex\">\n<div class=\"wp-block-column is-layout-flow wp-block-column-is-layout-flow\">\n<p class=\"has-text-align-right has-text-color\" style=\"color:#a7091e;font-size:26px;font-style:normal;font-weight:500;letter-spacing:2.5px;line-height: 1.3;margin-top:-20px;margin-bottom:8px\">&#8230; brauchen sie nicht gleich eine Psychotherapie.<\/p>\n<\/div>\n<\/div>\n\n\n\n<hr class=\"wp-block-separator has-text-color has-alpha-channel-opacity has-background is-style-wide\" style=\"background-color:#61525214;color:#61525214\"\/>\n\n\n\n<div class=\"wp-block-columns is-layout-flex wp-container-core-columns-is-layout-9d6595d7 wp-block-columns-is-layout-flex\">\n<div class=\"wp-block-column is-layout-flow wp-block-column-is-layout-flow\" style=\"flex-basis:100%\">\n<div class=\"wp-block-jetpack-tiled-gallery aligncenter is-style-rectangular\"><div class=\"tiled-gallery__gallery\"><div class=\"tiled-gallery__row\"><div class=\"tiled-gallery__col\" style=\"flex-basis:68.24786%\"><figure class=\"tiled-gallery__item\"><img decoding=\"async\" data-srcset=\"https:\/\/test636937616.files.wordpress.com\/2022\/04\/20220406_173301-1-2.jpg?strip=info&#038;w=600 600w,https:\/\/test636937616.files.wordpress.com\/2022\/04\/20220406_173301-1-2.jpg?strip=info&#038;w=900 900w,https:\/\/test636937616.files.wordpress.com\/2022\/04\/20220406_173301-1-2.jpg?strip=info&#038;w=1200 1200w,https:\/\/test636937616.files.wordpress.com\/2022\/04\/20220406_173301-1-2.jpg?strip=info&#038;w=1500 1500w,https:\/\/test636937616.files.wordpress.com\/2022\/04\/20220406_173301-1-2.jpg?strip=info&#038;w=1800 1800w,https:\/\/test636937616.files.wordpress.com\/2022\/04\/20220406_173301-1-2.jpg?strip=info&#038;w=2000 2000w\" alt=\"Praxis Insa Haertel Bildausschnitt\" data-height=\"3000\" data-id=\"152\" data-link=\"https:\/\/test636937616.wordpress.com\/?attachment_id=152\" data-url=\"https:\/\/test636937616.files.wordpress.com\/2022\/04\/20220406_173301-1-2.jpg?w=1024\" data-width=\"4000\" data-src=\"https:\/\/test636937616.files.wordpress.com\/2022\/04\/20220406_173301-1-2.jpg\" data-amp-layout=\"responsive\" src=\"data:image\/svg+xml;base64,PHN2ZyB3aWR0aD0iMSIgaGVpZ2h0PSIxIiB4bWxucz0iaHR0cDovL3d3dy53My5vcmcvMjAwMC9zdmciPjwvc3ZnPg==\" class=\"lazyload\" \/><\/figure><\/div><div class=\"tiled-gallery__col\" style=\"flex-basis:31.75214%\"><figure class=\"tiled-gallery__item\"><img decoding=\"async\" data-srcset=\"https:\/\/test636937616.files.wordpress.com\/2022\/05\/20220407_164756.jpg?strip=info&#038;w=600 600w,https:\/\/test636937616.files.wordpress.com\/2022\/05\/20220407_164756.jpg?strip=info&#038;w=900 900w,https:\/\/test636937616.files.wordpress.com\/2022\/05\/20220407_164756.jpg?strip=info&#038;w=1200 1200w,https:\/\/test636937616.files.wordpress.com\/2022\/05\/20220407_164756.jpg?strip=info&#038;w=1500 1500w,https:\/\/test636937616.files.wordpress.com\/2022\/05\/20220407_164756.jpg?strip=info&#038;w=1800 1800w,https:\/\/test636937616.files.wordpress.com\/2022\/05\/20220407_164756.jpg?strip=info&#038;w=2000 2000w\" alt=\"\" data-height=\"3000\" data-id=\"574\" data-link=\"https:\/\/test636937616.wordpress.com\/praxisn\/20220407_164756-5\/\" data-url=\"https:\/\/test636937616.files.wordpress.com\/2022\/05\/20220407_164756.jpg?w=1024\" data-width=\"4000\" data-src=\"https:\/\/test636937616.files.wordpress.com\/2022\/05\/20220407_164756.jpg\" data-amp-layout=\"responsive\" src=\"data:image\/svg+xml;base64,PHN2ZyB3aWR0aD0iMSIgaGVpZ2h0PSIxIiB4bWxucz0iaHR0cDovL3d3dy53My5vcmcvMjAwMC9zdmciPjwvc3ZnPg==\" class=\"lazyload\" \/><\/figure><figure class=\"tiled-gallery__item\"><img decoding=\"async\" data-srcset=\"https:\/\/i1.wp.com\/insahaertel.de\/wp-content\/uploads\/2023\/12\/Praxis-Feldstrasse-2-1024x876.jpg?strip=info&#038;w=600&#038;ssl=1 600w,https:\/\/i1.wp.com\/insahaertel.de\/wp-content\/uploads\/2023\/12\/Praxis-Feldstrasse-2-1024x876.jpg?strip=info&#038;w=900&#038;ssl=1 900w,https:\/\/i1.wp.com\/insahaertel.de\/wp-content\/uploads\/2023\/12\/Praxis-Feldstrasse-2-1024x876.jpg?strip=info&#038;w=1200&#038;ssl=1 1200w,https:\/\/i1.wp.com\/insahaertel.de\/wp-content\/uploads\/2023\/12\/Praxis-Feldstrasse-2-1024x876.jpg?strip=info&#038;w=1500&#038;ssl=1 1500w,https:\/\/i1.wp.com\/insahaertel.de\/wp-content\/uploads\/2023\/12\/Praxis-Feldstrasse-2-1024x876.jpg?strip=info&#038;w=1800&#038;ssl=1 1800w,https:\/\/i1.wp.com\/insahaertel.de\/wp-content\/uploads\/2023\/12\/Praxis-Feldstrasse-2-1024x876.jpg?strip=info&#038;w=2000&#038;ssl=1 2000w\" alt=\"\" data-height=\"2189\" data-id=\"8101\" data-link=\"https:\/\/insahaertel.de\/index.php\/praxis-hamburg-und-norderstedt\/praxis-feldstrasse-2\/\" data-url=\"https:\/\/insahaertel.de\/wp-content\/uploads\/2023\/12\/Praxis-Feldstrasse-2-1024x876.jpg\" data-width=\"2560\" data-src=\"https:\/\/i1.wp.com\/insahaertel.de\/wp-content\/uploads\/2023\/12\/Praxis-Feldstrasse-2-1024x876.jpg?ssl=1\" data-amp-layout=\"responsive\" src=\"data:image\/svg+xml;base64,PHN2ZyB3aWR0aD0iMSIgaGVpZ2h0PSIxIiB4bWxucz0iaHR0cDovL3d3dy53My5vcmcvMjAwMC9zdmciPjwvc3ZnPg==\" class=\"lazyload\" style=\"--smush-placeholder-width: 1024px; --smush-placeholder-aspect-ratio: 1024\/876;\" \/><\/figure><\/div><\/div><\/div><\/div>\n<\/div>\n<\/div>\n\n\n\n<p class=\"has-text-align-center has-text-color\" style=\"color:#605252e0;font-size:28px;font-style:normal;font-weight:500;letter-spacing:3px;line-height:1\">Manchmal aber doch.<\/p>\n\n\n\n<hr class=\"wp-block-separator has-text-color has-alpha-channel-opacity has-background is-style-wide\" style=\"background-color:#61525214;color:#61525214\"\/>\n\n\n\n<p class=\"speziell-Text-seitenuebergreifend speziell-SpaltenundTexthoehe has-text-color has-medium-font-size\" style=\"color:#605252e0;font-style:normal;font-weight:400;line-height:2.2\">Dann lassen sich in Psychotherapien mit Jugendlichen und Kindern sowie in begleitenden Gespr\u00e4chen mit Eltern bzw. Bezugspersonen neue Sichtweisen und Spielr\u00e4ume entdecken. <\/p>\n\n\n\n<p class=\"speziell-Text-seitenuebergreifend speziell-SpaltenundTexthoehe has-white-color has-text-color\" style=\"font-size:7px;font-style:normal;font-weight:400;line-height:2.2\">Psychotherapie und Psychotherapeutische Online-Beratung f\u00fcr Jugendliche<\/p>\n\n\n\n<div class=\"wp-block-columns is-layout-flex wp-container-core-columns-is-layout-9d6595d7 wp-block-columns-is-layout-flex\">\n<div class=\"wp-block-column is-layout-flow wp-block-column-is-layout-flow\" style=\"flex-basis:50%\">\n<p class=\"has-text-align-left speziell-Text-seitenuebergreifend speziell-SpaltenundTexthoehe has-white-color has-text-color\" style=\"font-size:5px;font-style:normal;font-weight:500;letter-spacing:3px;line-height:2.2\">Praxis H\u00e4rtel<\/p>\n\n\n\n<p class=\"has-text-align-left speziell-Text-seitenuebergreifend speziell-SpaltenundTexthoehe has-text-color\" style=\"color:#a7091e;font-size:22px;font-style:normal;font-weight:500;letter-spacing:3px;line-height:2.2\">Praxis Feld- und Wiesenstra\u00dfe<\/p>\n\n\n\n<p class=\"speziell-Text-seitenuebergreifend speziell-SpaltenundTexthoehe has-text-color has-medium-font-size\" style=\"color:#605252e0;font-style:normal;font-weight:400;line-height:2.2\">Als Diplom-Psychologin sowie approbierte Kinder- und Jugendlichenpsychotherapeutin arbeite ich sowohl in einer niedergelassenen Praxis in <a href=\"mailto:praxis.haertel@gmx.de\" target=\"_blank\" rel=\"noreferrer noopener\">Hamburg (BAG)<\/a> als auch in <a href=\"mailto:praxis@insahaertel.de\" target=\"_blank\" rel=\"noreferrer noopener\">Norderstedt<\/a>. Tiefenpsychologische Ausbildung am <a href=\"https:\/\/michael-balint-institut.de\/\" target=\"_blank\" rel=\"noreferrer noopener\">Michael-Balint-Institut Hamburg<\/a>. Vorherige T\u00e4tigkeiten am UK Eppendorf, beim Jugendpsychologischen \/ -psychiatrischen Dienst (JPPD), im Ankerland Trauma-Therapiezentrum, Hamburg. Anmelden k\u00f6nnen sich gesetzlich und privat Krankenversicherte sowie Selbstzahler\/innen. <\/p>\n\n\n\n<p class=\"speziell-Text-seitenuebergreifend speziell-SpaltenundTexthoehe has-text-color has-medium-font-size\" style=\"color:#605252e0;font-style:normal;font-weight:400;line-height:2.2\">Termine nach telefonischer Vereinbarung.<br><\/p>\n\n\n\n<p><\/p>\n<\/div>\n\n\n\n<div class=\"wp-block-column is-layout-flow wp-block-column-is-layout-flow\" style=\"flex-basis:10%\"><\/div>\n\n\n\n<div class=\"wp-block-column is-layout-flow wp-block-column-is-layout-flow\" style=\"flex-basis:40%\">\n<p class=\"has-text-color\" style=\"color:#a7091e;font-size:22px;font-style:normal;font-weight:500;letter-spacing:3px\"><br>Kontakt Hamburg<\/p>\n\n\n\n<p class=\"has-text-color has-medium-font-size\" style=\"color:#605252e0;font-style:normal;font-weight:500;letter-spacing:0px\">Feldstr. 60<br>20357 Hamburg<br>0178 6700117<br>praxis.haertel@gmx.de<\/p>\n\n\n\n<p class=\"has-text-color\" style=\"color:#a7091e;font-size:22px;font-style:normal;font-weight:500;letter-spacing:3px\">Kontakt Norderstedt<\/p>\n\n\n\n<p class=\"has-text-color has-medium-font-size\" style=\"color:#605252e0;font-style:normal;font-weight:500;letter-spacing:0px\">Wiesenstr. 34<br>22850 Norderstedt <br>(N\u00e4he U-Bahn Garstedt)<br>0178 6700117<br>praxis@insahaertel.de<\/p>\n\n\n\n<p class=\"speziell-Text-seitenuebergreifend speziell-SpaltenundTexthoehe has-white-color has-text-color\" style=\"font-size:22px;font-style:normal;font-weight:400;letter-spacing:3px;line-height:2.2\"><strong>\u27bd<\/strong> Stundenpakete (online)<\/p>\n<\/div>\n<\/div>\n\n\n\n<h6 class=\"wp-block-heading has-text-color has-small-font-size\" style=\"color:#b5182d\"><a href=\"https:\/\/insahaertel.de\/\">Startseite<\/a><\/h6>\n\n\n\n<p class=\"speziell-Text-seitenuebergreifend speziell-SpaltenundTexthoehe has-white-color has-text-color\" style=\"font-size:7px;font-style:normal;font-weight:400;line-height:2.2\">Psychotherapie und Psychotherapeutische Online-Beratung f\u00fcr Jugendliche<\/p>\n","protected":false},"excerpt":{"rendered":"<p>WENN KINDER UND JUGENDLICHE SCHWIERIGKEITEN HABEN&#8230; &#8230; brauchen sie nicht gleich eine Psychotherapie. Manchmal aber doch. Dann lassen sich in Psychotherapien mit Jugendlichen und Kindern sowie in begleitenden Gespr\u00e4chen mit Eltern bzw. Bezugspersonen neue Sichtweisen und Spielr\u00e4ume entdecken. Psychotherapie und Psychotherapeutische Online-Beratung f\u00fcr Jugendliche Praxis H\u00e4rtel Praxis Feld- und Wiesenstra\u00dfe Als Diplom-Psychologin sowie approbierte Kinder- [&hellip;]<\/p>\n","protected":false},"author":1,"featured_media":0,"parent":0,"menu_order":0,"comment_status":"closed","ping_status":"closed","template":"fullwidth-page.php","meta":{"footnotes":""},"tags":[],"class_list":["post-7642","page","type-page","status-publish","hentry"],"yoast_head":"<!-- This site is optimized with the Yoast SEO plugin v27.4 - https:\/\/yoast.com\/product\/yoast-seo-wordpress\/ -->\n<title>Praxis &#8211; Insa H\u00e4rtel<\/title>\n<meta name=\"description\" content=\"Praxis - Dr. Insa H\u00e4rtel, Dipl.-Psych., approbierte Kinder- u. Jugendlichenpsychotherapeutin: Neue Sichtweisen und Spielr\u00e4ume entdecken.\" \/>\n<meta name=\"robots\" content=\"index, follow, max-snippet:-1, max-image-preview:large, max-video-preview:-1\" \/>\n<link rel=\"canonical\" href=\"https:\/\/insahaertel.de\/index.php\/praxis-hamburg-und-norderstedt\/\" \/>\n<meta property=\"og:locale\" content=\"de_DE\" \/>\n<meta property=\"og:type\" content=\"article\" \/>\n<meta property=\"og:title\" content=\"Praxis &#8211; Insa H\u00e4rtel\" \/>\n<meta property=\"og:description\" content=\"Praxis - Dr. Insa H\u00e4rtel, Dipl.-Psych., approbierte Kinder- u. Jugendlichenpsychotherapeutin: Neue Sichtweisen und Spielr\u00e4ume entdecken.\" \/>\n<meta property=\"og:url\" content=\"https:\/\/insahaertel.de\/index.php\/praxis-hamburg-und-norderstedt\/\" \/>\n<meta property=\"og:site_name\" content=\"Insa H\u00e4rtel\" \/>\n<meta property=\"article:modified_time\" content=\"2025-04-01T05:02:09+00:00\" \/>\n<meta property=\"og:image\" content=\"https:\/\/test636937616.files.wordpress.com\/2022\/06\/moeglichkannseinrissneu.jpg\" \/>\n<meta name=\"twitter:card\" content=\"summary_large_image\" \/>\n<meta name=\"twitter:label1\" content=\"Gesch\u00e4tzte Lesezeit\" \/>\n\t<meta name=\"twitter:data1\" content=\"2\u00a0Minuten\" \/>\n<script type=\"application\/ld+json\" class=\"yoast-schema-graph\">{\"@context\":\"https:\\\/\\\/schema.org\",\"@graph\":[{\"@type\":\"WebPage\",\"@id\":\"https:\\\/\\\/insahaertel.de\\\/index.php\\\/praxis-hamburg-und-norderstedt\\\/\",\"url\":\"https:\\\/\\\/insahaertel.de\\\/index.php\\\/praxis-hamburg-und-norderstedt\\\/\",\"name\":\"Praxis &#8211; Insa H\u00e4rtel\",\"isPartOf\":{\"@id\":\"https:\\\/\\\/insahaertel.de\\\/#website\"},\"primaryImageOfPage\":{\"@id\":\"https:\\\/\\\/insahaertel.de\\\/index.php\\\/praxis-hamburg-und-norderstedt\\\/#primaryimage\"},\"image\":{\"@id\":\"https:\\\/\\\/insahaertel.de\\\/index.php\\\/praxis-hamburg-und-norderstedt\\\/#primaryimage\"},\"thumbnailUrl\":\"https:\\\/\\\/test636937616.files.wordpress.com\\\/2022\\\/06\\\/moeglichkannseinrissneu.jpg\",\"datePublished\":\"2023-07-22T12:18:53+00:00\",\"dateModified\":\"2025-04-01T05:02:09+00:00\",\"description\":\"Praxis - Dr. Insa H\u00e4rtel, Dipl.-Psych., approbierte Kinder- u. Jugendlichenpsychotherapeutin: Neue Sichtweisen und Spielr\u00e4ume entdecken.\",\"breadcrumb\":{\"@id\":\"https:\\\/\\\/insahaertel.de\\\/index.php\\\/praxis-hamburg-und-norderstedt\\\/#breadcrumb\"},\"inLanguage\":\"de\",\"potentialAction\":[{\"@type\":\"ReadAction\",\"target\":[\"https:\\\/\\\/insahaertel.de\\\/index.php\\\/praxis-hamburg-und-norderstedt\\\/\"]}]},{\"@type\":\"ImageObject\",\"inLanguage\":\"de\",\"@id\":\"https:\\\/\\\/insahaertel.de\\\/index.php\\\/praxis-hamburg-und-norderstedt\\\/#primaryimage\",\"url\":\"https:\\\/\\\/test636937616.files.wordpress.com\\\/2022\\\/06\\\/moeglichkannseinrissneu.jpg\",\"contentUrl\":\"https:\\\/\\\/test636937616.files.wordpress.com\\\/2022\\\/06\\\/moeglichkannseinrissneu.jpg\"},{\"@type\":\"BreadcrumbList\",\"@id\":\"https:\\\/\\\/insahaertel.de\\\/index.php\\\/praxis-hamburg-und-norderstedt\\\/#breadcrumb\",\"itemListElement\":[{\"@type\":\"ListItem\",\"position\":1,\"name\":\"Startseite\",\"item\":\"https:\\\/\\\/insahaertel.de\\\/\"},{\"@type\":\"ListItem\",\"position\":2,\"name\":\"Praxis\"}]},{\"@type\":\"WebSite\",\"@id\":\"https:\\\/\\\/insahaertel.de\\\/#website\",\"url\":\"https:\\\/\\\/insahaertel.de\\\/\",\"name\":\"Insa H\u00e4rtel\",\"description\":\"Kulturwissenschaft, Kinder- und Jugendlichenpsychotherapie\",\"publisher\":{\"@id\":\"https:\\\/\\\/insahaertel.de\\\/#\\\/schema\\\/person\\\/487f7a0df0cef941b2257eba433a46bd\"},\"potentialAction\":[{\"@type\":\"SearchAction\",\"target\":{\"@type\":\"EntryPoint\",\"urlTemplate\":\"https:\\\/\\\/insahaertel.de\\\/?s={search_term_string}\"},\"query-input\":{\"@type\":\"PropertyValueSpecification\",\"valueRequired\":true,\"valueName\":\"search_term_string\"}}],\"inLanguage\":\"de\"},{\"@type\":[\"Person\",\"Organization\"],\"@id\":\"https:\\\/\\\/insahaertel.de\\\/#\\\/schema\\\/person\\\/487f7a0df0cef941b2257eba433a46bd\",\"name\":\"Insa H\u00e4rtel\",\"image\":{\"@type\":\"ImageObject\",\"inLanguage\":\"de\",\"@id\":\"https:\\\/\\\/insahaertel.de\\\/wp-content\\\/uploads\\\/2022\\\/09\\\/tab-icon-insa-haertel.jpg\",\"url\":\"https:\\\/\\\/insahaertel.de\\\/wp-content\\\/uploads\\\/2022\\\/09\\\/tab-icon-insa-haertel.jpg\",\"contentUrl\":\"https:\\\/\\\/insahaertel.de\\\/wp-content\\\/uploads\\\/2022\\\/09\\\/tab-icon-insa-haertel.jpg\",\"width\":512,\"height\":512,\"caption\":\"Insa H\u00e4rtel\"},\"logo\":{\"@id\":\"https:\\\/\\\/insahaertel.de\\\/wp-content\\\/uploads\\\/2022\\\/09\\\/tab-icon-insa-haertel.jpg\"},\"sameAs\":[\"https:\\\/\\\/insahaertel.de\"]}]}<\/script>\n<!-- \/ Yoast SEO plugin. -->","yoast_head_json":{"title":"Praxis &#8211; Insa H\u00e4rtel","description":"Praxis - Dr. Insa H\u00e4rtel, Dipl.-Psych., approbierte Kinder- u. Jugendlichenpsychotherapeutin: Neue Sichtweisen und Spielr\u00e4ume entdecken.","robots":{"index":"index","follow":"follow","max-snippet":"max-snippet:-1","max-image-preview":"max-image-preview:large","max-video-preview":"max-video-preview:-1"},"canonical":"https:\/\/insahaertel.de\/index.php\/praxis-hamburg-und-norderstedt\/","og_locale":"de_DE","og_type":"article","og_title":"Praxis &#8211; Insa H\u00e4rtel","og_description":"Praxis - Dr. Insa H\u00e4rtel, Dipl.-Psych., approbierte Kinder- u. Jugendlichenpsychotherapeutin: Neue Sichtweisen und Spielr\u00e4ume entdecken.","og_url":"https:\/\/insahaertel.de\/index.php\/praxis-hamburg-und-norderstedt\/","og_site_name":"Insa H\u00e4rtel","article_modified_time":"2025-04-01T05:02:09+00:00","og_image":[{"url":"https:\/\/test636937616.files.wordpress.com\/2022\/06\/moeglichkannseinrissneu.jpg","type":"","width":"","height":""}],"twitter_card":"summary_large_image","twitter_misc":{"Gesch\u00e4tzte Lesezeit":"2\u00a0Minuten"},"schema":{"@context":"https:\/\/schema.org","@graph":[{"@type":"WebPage","@id":"https:\/\/insahaertel.de\/index.php\/praxis-hamburg-und-norderstedt\/","url":"https:\/\/insahaertel.de\/index.php\/praxis-hamburg-und-norderstedt\/","name":"Praxis &#8211; Insa H\u00e4rtel","isPartOf":{"@id":"https:\/\/insahaertel.de\/#website"},"primaryImageOfPage":{"@id":"https:\/\/insahaertel.de\/index.php\/praxis-hamburg-und-norderstedt\/#primaryimage"},"image":{"@id":"https:\/\/insahaertel.de\/index.php\/praxis-hamburg-und-norderstedt\/#primaryimage"},"thumbnailUrl":"https:\/\/test636937616.files.wordpress.com\/2022\/06\/moeglichkannseinrissneu.jpg","datePublished":"2023-07-22T12:18:53+00:00","dateModified":"2025-04-01T05:02:09+00:00","description":"Praxis - Dr. Insa H\u00e4rtel, Dipl.-Psych., approbierte Kinder- u. Jugendlichenpsychotherapeutin: Neue Sichtweisen und Spielr\u00e4ume entdecken.","breadcrumb":{"@id":"https:\/\/insahaertel.de\/index.php\/praxis-hamburg-und-norderstedt\/#breadcrumb"},"inLanguage":"de","potentialAction":[{"@type":"ReadAction","target":["https:\/\/insahaertel.de\/index.php\/praxis-hamburg-und-norderstedt\/"]}]},{"@type":"ImageObject","inLanguage":"de","@id":"https:\/\/insahaertel.de\/index.php\/praxis-hamburg-und-norderstedt\/#primaryimage","url":"https:\/\/test636937616.files.wordpress.com\/2022\/06\/moeglichkannseinrissneu.jpg","contentUrl":"https:\/\/test636937616.files.wordpress.com\/2022\/06\/moeglichkannseinrissneu.jpg"},{"@type":"BreadcrumbList","@id":"https:\/\/insahaertel.de\/index.php\/praxis-hamburg-und-norderstedt\/#breadcrumb","itemListElement":[{"@type":"ListItem","position":1,"name":"Startseite","item":"https:\/\/insahaertel.de\/"},{"@type":"ListItem","position":2,"name":"Praxis"}]},{"@type":"WebSite","@id":"https:\/\/insahaertel.de\/#website","url":"https:\/\/insahaertel.de\/","name":"Insa H\u00e4rtel","description":"Kulturwissenschaft, Kinder- und Jugendlichenpsychotherapie","publisher":{"@id":"https:\/\/insahaertel.de\/#\/schema\/person\/487f7a0df0cef941b2257eba433a46bd"},"potentialAction":[{"@type":"SearchAction","target":{"@type":"EntryPoint","urlTemplate":"https:\/\/insahaertel.de\/?s={search_term_string}"},"query-input":{"@type":"PropertyValueSpecification","valueRequired":true,"valueName":"search_term_string"}}],"inLanguage":"de"},{"@type":["Person","Organization"],"@id":"https:\/\/insahaertel.de\/#\/schema\/person\/487f7a0df0cef941b2257eba433a46bd","name":"Insa H\u00e4rtel","image":{"@type":"ImageObject","inLanguage":"de","@id":"https:\/\/insahaertel.de\/wp-content\/uploads\/2022\/09\/tab-icon-insa-haertel.jpg","url":"https:\/\/insahaertel.de\/wp-content\/uploads\/2022\/09\/tab-icon-insa-haertel.jpg","contentUrl":"https:\/\/insahaertel.de\/wp-content\/uploads\/2022\/09\/tab-icon-insa-haertel.jpg","width":512,"height":512,"caption":"Insa H\u00e4rtel"},"logo":{"@id":"https:\/\/insahaertel.de\/wp-content\/uploads\/2022\/09\/tab-icon-insa-haertel.jpg"},"sameAs":["https:\/\/insahaertel.de"]}]}},"jetpack_sharing_enabled":true,"_links":{"self":[{"href":"https:\/\/insahaertel.de\/index.php\/wp-json\/wp\/v2\/pages\/7642","targetHints":{"allow":["GET"]}}],"collection":[{"href":"https:\/\/insahaertel.de\/index.php\/wp-json\/wp\/v2\/pages"}],"about":[{"href":"https:\/\/insahaertel.de\/index.php\/wp-json\/wp\/v2\/types\/page"}],"author":[{"embeddable":true,"href":"https:\/\/insahaertel.de\/index.php\/wp-json\/wp\/v2\/users\/1"}],"replies":[{"embeddable":true,"href":"https:\/\/insahaertel.de\/index.php\/wp-json\/wp\/v2\/comments?post=7642"}],"version-history":[{"count":62,"href":"https:\/\/insahaertel.de\/index.php\/wp-json\/wp\/v2\/pages\/7642\/revisions"}],"predecessor-version":[{"id":8298,"href":"https:\/\/insahaertel.de\/index.php\/wp-json\/wp\/v2\/pages\/7642\/revisions\/8298"}],"wp:attachment":[{"href":"https:\/\/insahaertel.de\/index.php\/wp-json\/wp\/v2\/media?parent=7642"}],"wp:term":[{"taxonomy":"post_tag","embeddable":true,"href":"https:\/\/insahaertel.de\/index.php\/wp-json\/wp\/v2\/tags?post=7642"}],"curies":[{"name":"wp","href":"https:\/\/api.w.org\/{rel}","templated":true}]}}